{"id":9083,"date":"2021-06-07T05:09:09","date_gmt":"2021-06-07T05:09:09","guid":{"rendered":"https:\/\/libreriatopogigio.com\/?post_type=product&#038;p=9083"},"modified":"2025-11-11T19:32:48","modified_gmt":"2025-11-11T19:32:48","slug":"adhesivo-sta-11","status":"publish","type":"product","link":"https:\/\/libreriatopogigio.com\/?product=adhesivo-sta-11","title":{"rendered":"Adhesivo vin\u00edlico 500 grs &#8211; STA"},"content":{"rendered":"<p>Es ideal para todo tipo de manualidades. Est\u00e1 fabricado en base a emulsiones vin\u00edlicas. Seca transparente y forma una pel\u00edcula el\u00e1stica. Se puede te\u00f1ir con tinta china, tinta de dibujo o t\u00e9mperas.<\/p>\n","protected":false},"excerpt":{"rendered":"<p><em>Precio con IVA incluido<\/em><br \/>\n<span style=\"color: #0000ff;\"><b>Compra m\u00ednima 12 unidades<\/b><\/span><\/p>\n","protected":false},"featured_media":14637,"template":"","meta":[],"product_brand":[],"product_cat":[537],"product_tag":[46,268],"class_list":{"0":"post-9083","1":"product","2":"type-product","3":"status-publish","4":"has-post-thumbnail","6":"product_cat-fapyc-sta","7":"product_tag-adhesivo","8":"product_tag-lavable","10":"first","11":"instock","12":"shipping-taxable","13":"purchasable","14":"product-type-simple"},"aioseo_notices":[],"_links":{"self":[{"href":"https:\/\/libreriatopogigio.com\/index.php?rest_route=\/wp\/v2\/product\/9083","targetHints":{"allow":["GET"]}}],"collection":[{"href":"https:\/\/libreriatopogigio.com\/index.php?rest_route=\/wp\/v2\/product"}],"about":[{"href":"https:\/\/libreriatopogigio.com\/index.php?rest_route=\/wp\/v2\/types\/product"}],"wp:featuredmedia":[{"embeddable":true,"href":"https:\/\/libreriatopogigio.com\/index.php?rest_route=\/wp\/v2\/media\/14637"}],"wp:attachment":[{"href":"https:\/\/libreriatopogigio.com\/index.php?rest_route=%2Fwp%2Fv2%2Fmedia&parent=9083"}],"wp:term":[{"taxonomy":"product_brand","embeddable":true,"href":"https:\/\/libreriatopogigio.com\/index.php?rest_route=%2Fwp%2Fv2%2Fproduct_brand&post=9083"},{"taxonomy":"product_cat","embeddable":true,"href":"https:\/\/libreriatopogigio.com\/index.php?rest_route=%2Fwp%2Fv2%2Fproduct_cat&post=9083"},{"taxonomy":"product_tag","embeddable":true,"href":"https:\/\/libreriatopogigio.com\/index.php?rest_route=%2Fwp%2Fv2%2Fproduct_tag&post=9083"}],"curies":[{"name":"wp","href":"https:\/\/api.w.org\/{rel}","templated":true}]}}