{"id":4846,"date":"2021-05-31T02:05:42","date_gmt":"2021-05-31T02:05:42","guid":{"rendered":"https:\/\/libreriatopogigio.com\/?post_type=product&#038;p=4846"},"modified":"2025-11-11T17:17:56","modified_gmt":"2025-11-11T17:17:56","slug":"tiza-giotto-4","status":"publish","type":"product","link":"https:\/\/libreriatopogigio.com\/?product=tiza-giotto-4","title":{"rendered":"Tiza color x100 &#8211; GIOTTO"},"content":{"rendered":"<p>Las tizas Giotto Robercolor\u00a0\u00a0son las m\u00e1s compactas y de colores m\u00e1s intensos del mercado, un concepto diferente en tiza, desprenden mucho menos polvo y duran mucho m\u00e1s por su proceso de fabricaci\u00f3n.<\/p>\n","protected":false},"excerpt":{"rendered":"<p><em>Precio con IVA incluido<\/em><\/p>\n<p>Caja x100 un. surt.<\/p>\n","protected":false},"featured_media":14701,"template":"","meta":[],"product_brand":[],"product_cat":[581],"product_tag":[25,358,67],"class_list":{"0":"post-4846","1":"product","2":"type-product","3":"status-publish","4":"has-post-thumbnail","6":"product_cat-giotto","7":"product_tag-color","8":"product_tag-giotto","9":"product_tag-tiza","11":"first","12":"instock","13":"shipping-taxable","14":"purchasable","15":"product-type-simple"},"aioseo_notices":[],"_links":{"self":[{"href":"https:\/\/libreriatopogigio.com\/index.php?rest_route=\/wp\/v2\/product\/4846","targetHints":{"allow":["GET"]}}],"collection":[{"href":"https:\/\/libreriatopogigio.com\/index.php?rest_route=\/wp\/v2\/product"}],"about":[{"href":"https:\/\/libreriatopogigio.com\/index.php?rest_route=\/wp\/v2\/types\/product"}],"wp:featuredmedia":[{"embeddable":true,"href":"https:\/\/libreriatopogigio.com\/index.php?rest_route=\/wp\/v2\/media\/14701"}],"wp:attachment":[{"href":"https:\/\/libreriatopogigio.com\/index.php?rest_route=%2Fwp%2Fv2%2Fmedia&parent=4846"}],"wp:term":[{"taxonomy":"product_brand","embeddable":true,"href":"https:\/\/libreriatopogigio.com\/index.php?rest_route=%2Fwp%2Fv2%2Fproduct_brand&post=4846"},{"taxonomy":"product_cat","embeddable":true,"href":"https:\/\/libreriatopogigio.com\/index.php?rest_route=%2Fwp%2Fv2%2Fproduct_cat&post=4846"},{"taxonomy":"product_tag","embeddable":true,"href":"https:\/\/libreriatopogigio.com\/index.php?rest_route=%2Fwp%2Fv2%2Fproduct_tag&post=4846"}],"curies":[{"name":"wp","href":"https:\/\/api.w.org\/{rel}","templated":true}]}}