{"id":3715,"date":"2021-05-29T21:53:08","date_gmt":"2021-05-29T21:53:08","guid":{"rendered":"https:\/\/libreriatopogigio.com\/?post_type=product&#038;p=3715"},"modified":"2025-11-11T16:51:53","modified_gmt":"2025-11-11T16:51:53","slug":"microfibra-filgo-7","status":"publish","type":"product","link":"https:\/\/libreriatopogigio.com\/?product=microfibra-filgo-7","title":{"rendered":"Microfibra Liner 038 x5 fl\u00fao \u2013 FILGO"},"content":{"rendered":"<p>\u2022 Trazo extra fino 0.4mm<\/p>\n<p>\u2022 Punta de tefl\u00f3n indeformable con gu\u00eda met\u00e1lica<\/p>\n<p>\u2022 Ideal para usar con reglas y escuadras<\/p>\n<p>\u2022 Paleta de colores surtidos<\/p>\n<p>\u2022 Intensos y luminosos<\/p>\n<p>\u2022 Tinta al agua at\u00f3xica<\/p>\n","protected":false},"excerpt":{"rendered":"<p><em>Precio con IVA incluido<\/em><br \/>\nCaja x5 un surt.<\/p>\n<p><strong><span style=\"color: #0000ff;\">Compra m\u00ednima 5 unidades<\/span><\/strong><\/p>\n","protected":false},"featured_media":16740,"template":"","meta":[],"product_brand":[],"product_cat":[545],"product_tag":[546,541,172],"class_list":{"0":"post-3715","1":"product","2":"type-product","3":"status-publish","4":"has-post-thumbnail","6":"product_cat-filgo","7":"product_tag-filgo","8":"product_tag-fluo","9":"product_tag-microfibra","11":"first","12":"instock","13":"shipping-taxable","14":"purchasable","15":"product-type-simple"},"aioseo_notices":[],"_links":{"self":[{"href":"https:\/\/libreriatopogigio.com\/index.php?rest_route=\/wp\/v2\/product\/3715","targetHints":{"allow":["GET"]}}],"collection":[{"href":"https:\/\/libreriatopogigio.com\/index.php?rest_route=\/wp\/v2\/product"}],"about":[{"href":"https:\/\/libreriatopogigio.com\/index.php?rest_route=\/wp\/v2\/types\/product"}],"wp:featuredmedia":[{"embeddable":true,"href":"https:\/\/libreriatopogigio.com\/index.php?rest_route=\/wp\/v2\/media\/16740"}],"wp:attachment":[{"href":"https:\/\/libreriatopogigio.com\/index.php?rest_route=%2Fwp%2Fv2%2Fmedia&parent=3715"}],"wp:term":[{"taxonomy":"product_brand","embeddable":true,"href":"https:\/\/libreriatopogigio.com\/index.php?rest_route=%2Fwp%2Fv2%2Fproduct_brand&post=3715"},{"taxonomy":"product_cat","embeddable":true,"href":"https:\/\/libreriatopogigio.com\/index.php?rest_route=%2Fwp%2Fv2%2Fproduct_cat&post=3715"},{"taxonomy":"product_tag","embeddable":true,"href":"https:\/\/libreriatopogigio.com\/index.php?rest_route=%2Fwp%2Fv2%2Fproduct_tag&post=3715"}],"curies":[{"name":"wp","href":"https:\/\/api.w.org\/{rel}","templated":true}]}}