{"id":3388,"date":"2021-05-29T16:35:35","date_gmt":"2021-05-29T16:35:35","guid":{"rendered":"https:\/\/libreriatopogigio.com\/?post_type=product&#038;p=3388"},"modified":"2026-05-08T18:04:30","modified_gmt":"2026-05-08T18:04:30","slug":"lapiz-color-faber-castell-24","status":"publish","type":"product","link":"https:\/\/libreriatopogigio.com\/?product=lapiz-color-faber-castell-24","title":{"rendered":"EcoL\u00e1pices SuperSoft x50 &#8211; Faber Castell"},"content":{"rendered":"<p><span style=\"color: #3366ff;\"><strong>Compra m\u00ednima 3 unidades<\/strong><\/span><br \/>\n<strong>Largos (210750)<\/strong><\/p>\n<p>Cl\u00e1sicos l\u00e1pices de color con cuerpo redondo con minas s\u00faper suaves y colores s\u00faper brillantes para superficies blancas y negras. Colores brillantes y \u00fanicos con una punta MAX resistente, t\u00e9cnica Sekural que es un proceso especial de fabricaci\u00f3n que proporciona mayor resistencia a la mina.<\/p>\n","protected":false},"excerpt":{"rendered":"<p><em>Precio con IVA incluido<\/em><\/p>\n<p style=\"color: #3366ff;\"><strong>Compra m\u00ednima 3 unidades<\/strong><\/p>\n","protected":false},"featured_media":14597,"template":"","meta":[],"product_brand":[],"product_cat":[526],"product_tag":[25,528,131,533],"class_list":{"0":"post-3388","1":"product","2":"type-product","3":"status-publish","4":"has-post-thumbnail","6":"product_cat-faber-castell","7":"product_tag-color","8":"product_tag-faber-castell","9":"product_tag-lapiz","10":"product_tag-soft","12":"first","13":"instock","14":"shipping-taxable","15":"purchasable","16":"product-type-simple"},"aioseo_notices":[],"_links":{"self":[{"href":"https:\/\/libreriatopogigio.com\/index.php?rest_route=\/wp\/v2\/product\/3388","targetHints":{"allow":["GET"]}}],"collection":[{"href":"https:\/\/libreriatopogigio.com\/index.php?rest_route=\/wp\/v2\/product"}],"about":[{"href":"https:\/\/libreriatopogigio.com\/index.php?rest_route=\/wp\/v2\/types\/product"}],"wp:featuredmedia":[{"embeddable":true,"href":"https:\/\/libreriatopogigio.com\/index.php?rest_route=\/wp\/v2\/media\/14597"}],"wp:attachment":[{"href":"https:\/\/libreriatopogigio.com\/index.php?rest_route=%2Fwp%2Fv2%2Fmedia&parent=3388"}],"wp:term":[{"taxonomy":"product_brand","embeddable":true,"href":"https:\/\/libreriatopogigio.com\/index.php?rest_route=%2Fwp%2Fv2%2Fproduct_brand&post=3388"},{"taxonomy":"product_cat","embeddable":true,"href":"https:\/\/libreriatopogigio.com\/index.php?rest_route=%2Fwp%2Fv2%2Fproduct_cat&post=3388"},{"taxonomy":"product_tag","embeddable":true,"href":"https:\/\/libreriatopogigio.com\/index.php?rest_route=%2Fwp%2Fv2%2Fproduct_tag&post=3388"}],"curies":[{"name":"wp","href":"https:\/\/api.w.org\/{rel}","templated":true}]}}