{"id":3194,"date":"2021-05-29T06:13:10","date_gmt":"2021-05-29T06:13:10","guid":{"rendered":"https:\/\/libreriatopogigio.com\/?post_type=product&#038;p=3194"},"modified":"2025-11-11T15:44:11","modified_gmt":"2025-11-11T15:44:11","slug":"senalador-de-pagina-ezco","status":"publish","type":"product","link":"https:\/\/libreriatopogigio.com\/?product=senalador-de-pagina-ezco","title":{"rendered":"Se\u00f1aladores de p\u00e1gina ne\u00f3n &#8211; EZCO"},"content":{"rendered":"<p><strong>(980602)<\/strong><\/p>\n","protected":false},"excerpt":{"rendered":"<p><em>Precio con IVA incluido<\/em><br \/>\n<strong>12&#215;44 mm &#8211; 125 hojas\u00a0<\/strong><\/p>\n<p>5 colores surt. 25 hojas c\/u<\/p>\n<p style=\"color: #3366ff;\"><strong>Compra m\u00ednima 10 unidades<\/strong><\/p>\n","protected":false},"featured_media":17090,"template":"","meta":[],"product_brand":[],"product_cat":[495],"product_tag":[499,141,1318,522],"class_list":{"0":"post-3194","1":"product","2":"type-product","3":"status-publish","4":"has-post-thumbnail","6":"product_cat-ezco","7":"product_tag-ezco","8":"product_tag-neon","9":"product_tag-paginas","10":"product_tag-senalador","12":"first","13":"instock","14":"shipping-taxable","15":"purchasable","16":"product-type-simple"},"aioseo_notices":[],"_links":{"self":[{"href":"https:\/\/libreriatopogigio.com\/index.php?rest_route=\/wp\/v2\/product\/3194","targetHints":{"allow":["GET"]}}],"collection":[{"href":"https:\/\/libreriatopogigio.com\/index.php?rest_route=\/wp\/v2\/product"}],"about":[{"href":"https:\/\/libreriatopogigio.com\/index.php?rest_route=\/wp\/v2\/types\/product"}],"wp:featuredmedia":[{"embeddable":true,"href":"https:\/\/libreriatopogigio.com\/index.php?rest_route=\/wp\/v2\/media\/17090"}],"wp:attachment":[{"href":"https:\/\/libreriatopogigio.com\/index.php?rest_route=%2Fwp%2Fv2%2Fmedia&parent=3194"}],"wp:term":[{"taxonomy":"product_brand","embeddable":true,"href":"https:\/\/libreriatopogigio.com\/index.php?rest_route=%2Fwp%2Fv2%2Fproduct_brand&post=3194"},{"taxonomy":"product_cat","embeddable":true,"href":"https:\/\/libreriatopogigio.com\/index.php?rest_route=%2Fwp%2Fv2%2Fproduct_cat&post=3194"},{"taxonomy":"product_tag","embeddable":true,"href":"https:\/\/libreriatopogigio.com\/index.php?rest_route=%2Fwp%2Fv2%2Fproduct_tag&post=3194"}],"curies":[{"name":"wp","href":"https:\/\/api.w.org\/{rel}","templated":true}]}}