{"id":20004,"date":"2025-04-24T18:43:44","date_gmt":"2025-04-24T18:43:44","guid":{"rendered":"https:\/\/libreriatopogigio.com\/?post_type=product&#038;p=20004"},"modified":"2025-11-11T14:11:14","modified_gmt":"2025-11-11T14:11:14","slug":"sacapuntas-metalico-ezco","status":"publish","type":"product","link":"https:\/\/libreriatopogigio.com\/?product=sacapuntas-metalico-ezco","title":{"rendered":"Sacapuntas met\u00e1lico &#8211; EZCO"},"content":{"rendered":"<p>Sacapuntas met\u00e1lico en cu\u00f1a, excelente calidad.<\/p>\n","protected":false},"excerpt":{"rendered":"<p>Precio con IVA incluido<\/p>\n<p><span style=\"color: #0000ff;\"><strong>Compra m\u00ednima 24 unidades<\/strong><\/span><\/p>\n","protected":false},"featured_media":20006,"template":"","meta":[],"product_brand":[],"product_cat":[495],"product_tag":[499,513,610],"class_list":{"0":"post-20004","1":"product","2":"type-product","3":"status-publish","4":"has-post-thumbnail","6":"product_cat-ezco","7":"product_tag-ezco","8":"product_tag-metalico","9":"product_tag-sacapuntas","11":"first","12":"instock","13":"shipping-taxable","14":"purchasable","15":"product-type-simple"},"aioseo_notices":[],"_links":{"self":[{"href":"https:\/\/libreriatopogigio.com\/index.php?rest_route=\/wp\/v2\/product\/20004","targetHints":{"allow":["GET"]}}],"collection":[{"href":"https:\/\/libreriatopogigio.com\/index.php?rest_route=\/wp\/v2\/product"}],"about":[{"href":"https:\/\/libreriatopogigio.com\/index.php?rest_route=\/wp\/v2\/types\/product"}],"wp:featuredmedia":[{"embeddable":true,"href":"https:\/\/libreriatopogigio.com\/index.php?rest_route=\/wp\/v2\/media\/20006"}],"wp:attachment":[{"href":"https:\/\/libreriatopogigio.com\/index.php?rest_route=%2Fwp%2Fv2%2Fmedia&parent=20004"}],"wp:term":[{"taxonomy":"product_brand","embeddable":true,"href":"https:\/\/libreriatopogigio.com\/index.php?rest_route=%2Fwp%2Fv2%2Fproduct_brand&post=20004"},{"taxonomy":"product_cat","embeddable":true,"href":"https:\/\/libreriatopogigio.com\/index.php?rest_route=%2Fwp%2Fv2%2Fproduct_cat&post=20004"},{"taxonomy":"product_tag","embeddable":true,"href":"https:\/\/libreriatopogigio.com\/index.php?rest_route=%2Fwp%2Fv2%2Fproduct_tag&post=20004"}],"curies":[{"name":"wp","href":"https:\/\/api.w.org\/{rel}","templated":true}]}}