{"id":19442,"date":"2025-03-25T15:32:43","date_gmt":"2025-03-25T15:32:43","guid":{"rendered":"https:\/\/libreriatopogigio.com\/?post_type=product&#038;p=19442"},"modified":"2025-11-10T15:43:44","modified_gmt":"2025-11-10T15:43:44","slug":"boligrafo-arrow-capuchon-07-mm-4-col-deli-2","status":"publish","type":"product","link":"https:\/\/libreriatopogigio.com\/?product=boligrafo-arrow-capuchon-07-mm-4-col-deli-2","title":{"rendered":"Bol\u00edgrafo Arrow Capuch\u00f3n 0,7 mm ne\u00f3n &#8211; DELI"},"content":{"rendered":"","protected":false},"excerpt":{"rendered":"<p><em>Precio con IVA incluido<\/em><\/p>\n<p>Tubo x50 un.<\/p>\n","protected":false},"featured_media":19443,"template":"","meta":[],"product_brand":[],"product_cat":[327],"product_tag":[1704,135,1705,328],"class_list":{"0":"post-19442","1":"product","2":"type-product","3":"status-publish","4":"has-post-thumbnail","6":"product_cat-deli","7":"product_tag-arrow","8":"product_tag-boligrafo","9":"product_tag-capuchon","10":"product_tag-deli","12":"first","13":"instock","14":"shipping-taxable","15":"purchasable","16":"product-type-simple"},"aioseo_notices":[],"_links":{"self":[{"href":"https:\/\/libreriatopogigio.com\/index.php?rest_route=\/wp\/v2\/product\/19442","targetHints":{"allow":["GET"]}}],"collection":[{"href":"https:\/\/libreriatopogigio.com\/index.php?rest_route=\/wp\/v2\/product"}],"about":[{"href":"https:\/\/libreriatopogigio.com\/index.php?rest_route=\/wp\/v2\/types\/product"}],"wp:featuredmedia":[{"embeddable":true,"href":"https:\/\/libreriatopogigio.com\/index.php?rest_route=\/wp\/v2\/media\/19443"}],"wp:attachment":[{"href":"https:\/\/libreriatopogigio.com\/index.php?rest_route=%2Fwp%2Fv2%2Fmedia&parent=19442"}],"wp:term":[{"taxonomy":"product_brand","embeddable":true,"href":"https:\/\/libreriatopogigio.com\/index.php?rest_route=%2Fwp%2Fv2%2Fproduct_brand&post=19442"},{"taxonomy":"product_cat","embeddable":true,"href":"https:\/\/libreriatopogigio.com\/index.php?rest_route=%2Fwp%2Fv2%2Fproduct_cat&post=19442"},{"taxonomy":"product_tag","embeddable":true,"href":"https:\/\/libreriatopogigio.com\/index.php?rest_route=%2Fwp%2Fv2%2Fproduct_tag&post=19442"}],"curies":[{"name":"wp","href":"https:\/\/api.w.org\/{rel}","templated":true}]}}