{"id":17107,"date":"2024-11-21T15:50:14","date_gmt":"2024-11-21T15:50:14","guid":{"rendered":"https:\/\/libreriatopogigio.com\/?post_type=product&#038;p=17107"},"modified":"2025-11-10T13:49:21","modified_gmt":"2025-11-10T13:49:21","slug":"pizarras-magneticas-blancas-ezco","status":"publish","type":"product","link":"https:\/\/libreriatopogigio.com\/?product=pizarras-magneticas-blancas-ezco","title":{"rendered":"Pizarras magn\u00e9ticas blancas &#8211; EZCO"},"content":{"rendered":"<p>Pizarras magn\u00e9ticas blancas, marco de pl\u00e1stico, incluye imanes, borrador y marcador azul para pizarra.<\/p>\n","protected":false},"excerpt":{"rendered":"<p><em>Precio con IVA incluido<\/em><\/p>\n<p><span style=\"color: #0000ff;\"><strong>Compra m\u00ednima 3 unidades<\/strong><\/span><\/p>\n","protected":false},"featured_media":17110,"template":"","meta":[],"product_brand":[],"product_cat":[495],"product_tag":[499,1650,1649],"class_list":{"0":"post-17107","1":"product","2":"type-product","3":"status-publish","4":"has-post-thumbnail","6":"product_cat-ezco","7":"product_tag-ezco","8":"product_tag-marco-plastico","9":"product_tag-pizarra-magnetica-blanca","11":"first","12":"instock","13":"shipping-taxable","14":"purchasable","15":"product-type-variable"},"aioseo_notices":[],"_links":{"self":[{"href":"https:\/\/libreriatopogigio.com\/index.php?rest_route=\/wp\/v2\/product\/17107","targetHints":{"allow":["GET"]}}],"collection":[{"href":"https:\/\/libreriatopogigio.com\/index.php?rest_route=\/wp\/v2\/product"}],"about":[{"href":"https:\/\/libreriatopogigio.com\/index.php?rest_route=\/wp\/v2\/types\/product"}],"wp:featuredmedia":[{"embeddable":true,"href":"https:\/\/libreriatopogigio.com\/index.php?rest_route=\/wp\/v2\/media\/17110"}],"wp:attachment":[{"href":"https:\/\/libreriatopogigio.com\/index.php?rest_route=%2Fwp%2Fv2%2Fmedia&parent=17107"}],"wp:term":[{"taxonomy":"product_brand","embeddable":true,"href":"https:\/\/libreriatopogigio.com\/index.php?rest_route=%2Fwp%2Fv2%2Fproduct_brand&post=17107"},{"taxonomy":"product_cat","embeddable":true,"href":"https:\/\/libreriatopogigio.com\/index.php?rest_route=%2Fwp%2Fv2%2Fproduct_cat&post=17107"},{"taxonomy":"product_tag","embeddable":true,"href":"https:\/\/libreriatopogigio.com\/index.php?rest_route=%2Fwp%2Fv2%2Fproduct_tag&post=17107"}],"curies":[{"name":"wp","href":"https:\/\/api.w.org\/{rel}","templated":true}]}}