{"id":16744,"date":"2024-11-19T18:20:53","date_gmt":"2024-11-19T18:20:53","guid":{"rendered":"https:\/\/libreriatopogigio.com\/?post_type=product&#038;p=16744"},"modified":"2025-11-11T16:34:47","modified_gmt":"2025-11-11T16:34:47","slug":"microfibra-liner-038-x6-pink-up-filgo","status":"publish","type":"product","link":"https:\/\/libreriatopogigio.com\/?product=microfibra-liner-038-x6-pink-up-filgo","title":{"rendered":"Microfibra Liner 038 x6 Pink Up! \u2013 FILGO"},"content":{"rendered":"<p>\u2022 Trazo extra fino 0.4mm<\/p>\n<p>\u2022 Punta de tefl\u00f3n indeformable con gu\u00eda met\u00e1lica<\/p>\n<p>\u2022 Ideal para usar con reglas y escuadras<\/p>\n<p>\u2022 Paleta de colores surtidos<\/p>\n<p>\u2022 Intensos y luminosos<\/p>\n<p>\u2022 Tinta al agua at\u00f3xica<\/p>\n","protected":false},"excerpt":{"rendered":"<p><em>Precio con IVA incluido<\/em><\/p>\n<p>Estuche x6 un<\/p>\n<p><span style=\"color: #0000ff;\"><strong>Compra m\u00ednima 5 unidades<\/strong><\/span><\/p>\n","protected":false},"featured_media":16745,"template":"","meta":[],"product_brand":[],"product_cat":[545],"product_tag":[457,172],"class_list":{"0":"post-16744","1":"product","2":"type-product","3":"status-publish","4":"has-post-thumbnail","6":"product_cat-filgo","7":"product_tag-liner","8":"product_tag-microfibra","10":"first","11":"instock","12":"shipping-taxable","13":"purchasable","14":"product-type-simple"},"aioseo_notices":[],"_links":{"self":[{"href":"https:\/\/libreriatopogigio.com\/index.php?rest_route=\/wp\/v2\/product\/16744","targetHints":{"allow":["GET"]}}],"collection":[{"href":"https:\/\/libreriatopogigio.com\/index.php?rest_route=\/wp\/v2\/product"}],"about":[{"href":"https:\/\/libreriatopogigio.com\/index.php?rest_route=\/wp\/v2\/types\/product"}],"wp:featuredmedia":[{"embeddable":true,"href":"https:\/\/libreriatopogigio.com\/index.php?rest_route=\/wp\/v2\/media\/16745"}],"wp:attachment":[{"href":"https:\/\/libreriatopogigio.com\/index.php?rest_route=%2Fwp%2Fv2%2Fmedia&parent=16744"}],"wp:term":[{"taxonomy":"product_brand","embeddable":true,"href":"https:\/\/libreriatopogigio.com\/index.php?rest_route=%2Fwp%2Fv2%2Fproduct_brand&post=16744"},{"taxonomy":"product_cat","embeddable":true,"href":"https:\/\/libreriatopogigio.com\/index.php?rest_route=%2Fwp%2Fv2%2Fproduct_cat&post=16744"},{"taxonomy":"product_tag","embeddable":true,"href":"https:\/\/libreriatopogigio.com\/index.php?rest_route=%2Fwp%2Fv2%2Fproduct_tag&post=16744"}],"curies":[{"name":"wp","href":"https:\/\/api.w.org\/{rel}","templated":true}]}}