{"id":14749,"date":"2024-10-24T17:22:13","date_gmt":"2024-10-24T17:22:13","guid":{"rendered":"https:\/\/libreriatopogigio.com\/?post_type=product&#038;p=14749"},"modified":"2025-11-10T13:49:29","modified_gmt":"2025-11-10T13:49:29","slug":"acuarelas-x36-giotto","status":"publish","type":"product","link":"https:\/\/libreriatopogigio.com\/?product=acuarelas-x36-giotto","title":{"rendered":"Acuarelas x36 &#8211; GIOTTO"},"content":{"rendered":"<p><strong>Acuarelas Giotto\u00a0<\/strong>en pastillas de 30mm de di\u00e1metro, de colores intensos y f\u00e1ciles de diluir. Con pincel de calidad en cerda sint\u00e9tica.<\/p>\n","protected":false},"excerpt":{"rendered":"<p><em>Precio con IVA incluido<\/em><\/p>\n","protected":false},"featured_media":14751,"template":"","meta":[],"product_brand":[],"product_cat":[581],"product_tag":[500,1125,25],"class_list":{"0":"post-14749","1":"product","2":"type-product","3":"status-publish","4":"has-post-thumbnail","6":"product_cat-giotto","7":"product_tag-acuarela","8":"product_tag-acuarelas","9":"product_tag-color","11":"first","12":"outofstock","13":"shipping-taxable","14":"purchasable","15":"product-type-simple"},"aioseo_notices":[],"_links":{"self":[{"href":"https:\/\/libreriatopogigio.com\/index.php?rest_route=\/wp\/v2\/product\/14749","targetHints":{"allow":["GET"]}}],"collection":[{"href":"https:\/\/libreriatopogigio.com\/index.php?rest_route=\/wp\/v2\/product"}],"about":[{"href":"https:\/\/libreriatopogigio.com\/index.php?rest_route=\/wp\/v2\/types\/product"}],"wp:featuredmedia":[{"embeddable":true,"href":"https:\/\/libreriatopogigio.com\/index.php?rest_route=\/wp\/v2\/media\/14751"}],"wp:attachment":[{"href":"https:\/\/libreriatopogigio.com\/index.php?rest_route=%2Fwp%2Fv2%2Fmedia&parent=14749"}],"wp:term":[{"taxonomy":"product_brand","embeddable":true,"href":"https:\/\/libreriatopogigio.com\/index.php?rest_route=%2Fwp%2Fv2%2Fproduct_brand&post=14749"},{"taxonomy":"product_cat","embeddable":true,"href":"https:\/\/libreriatopogigio.com\/index.php?rest_route=%2Fwp%2Fv2%2Fproduct_cat&post=14749"},{"taxonomy":"product_tag","embeddable":true,"href":"https:\/\/libreriatopogigio.com\/index.php?rest_route=%2Fwp%2Fv2%2Fproduct_tag&post=14749"}],"curies":[{"name":"wp","href":"https:\/\/api.w.org\/{rel}","templated":true}]}}