{"id":14748,"date":"2024-10-24T17:22:00","date_gmt":"2024-10-24T17:22:00","guid":{"rendered":"https:\/\/libreriatopogigio.com\/?post_type=product&#038;p=14748"},"modified":"2026-05-08T18:31:43","modified_gmt":"2026-05-08T18:31:43","slug":"acuarelas-x24-giotto","status":"publish","type":"product","link":"https:\/\/libreriatopogigio.com\/?product=acuarelas-x24-giotto","title":{"rendered":"Acuarelas x24 &#8211; GIOTTO"},"content":{"rendered":"<p><strong>Acuarelas Giotto\u00a0<\/strong>en pastillas de 30mm de di\u00e1metro, de colores intensos y f\u00e1ciles de diluir. Con pincel de calidad en cerda sint\u00e9tica.<\/p>\n","protected":false},"excerpt":{"rendered":"<p>Precio con IVA incluido<\/p>\n","protected":false},"featured_media":14752,"template":"","meta":[],"product_brand":[],"product_cat":[581],"product_tag":[500,1125,25],"class_list":{"0":"post-14748","1":"product","2":"type-product","3":"status-publish","4":"has-post-thumbnail","6":"product_cat-giotto","7":"product_tag-acuarela","8":"product_tag-acuarelas","9":"product_tag-color","11":"first","12":"instock","13":"shipping-taxable","14":"purchasable","15":"product-type-simple"},"aioseo_notices":[],"_links":{"self":[{"href":"https:\/\/libreriatopogigio.com\/index.php?rest_route=\/wp\/v2\/product\/14748","targetHints":{"allow":["GET"]}}],"collection":[{"href":"https:\/\/libreriatopogigio.com\/index.php?rest_route=\/wp\/v2\/product"}],"about":[{"href":"https:\/\/libreriatopogigio.com\/index.php?rest_route=\/wp\/v2\/types\/product"}],"wp:featuredmedia":[{"embeddable":true,"href":"https:\/\/libreriatopogigio.com\/index.php?rest_route=\/wp\/v2\/media\/14752"}],"wp:attachment":[{"href":"https:\/\/libreriatopogigio.com\/index.php?rest_route=%2Fwp%2Fv2%2Fmedia&parent=14748"}],"wp:term":[{"taxonomy":"product_brand","embeddable":true,"href":"https:\/\/libreriatopogigio.com\/index.php?rest_route=%2Fwp%2Fv2%2Fproduct_brand&post=14748"},{"taxonomy":"product_cat","embeddable":true,"href":"https:\/\/libreriatopogigio.com\/index.php?rest_route=%2Fwp%2Fv2%2Fproduct_cat&post=14748"},{"taxonomy":"product_tag","embeddable":true,"href":"https:\/\/libreriatopogigio.com\/index.php?rest_route=%2Fwp%2Fv2%2Fproduct_tag&post=14748"}],"curies":[{"name":"wp","href":"https:\/\/api.w.org\/{rel}","templated":true}]}}