{"id":14715,"date":"2024-10-24T16:59:06","date_gmt":"2024-10-24T16:59:06","guid":{"rendered":"https:\/\/libreriatopogigio.com\/?post_type=product&#038;p=14715"},"modified":"2026-05-08T18:37:16","modified_gmt":"2026-05-08T18:37:16","slug":"pinceles-taklon-s500-giotto","status":"publish","type":"product","link":"https:\/\/libreriatopogigio.com\/?product=pinceles-taklon-s500-giotto","title":{"rendered":"Pinceles TAKLON S500 &#8211; GIOTTO"},"content":{"rendered":"<p><strong>Pinceles Giotto de fibra sint\u00e9tica dorada Taklon<\/strong>, de calidad escolar premium. Su fibra tiene mayor capacidad de retener l\u00edquido, son f\u00e1ciles de limpiar lo que los hace muy id\u00f3neos tambi\u00e9n para maquillaje.<\/p>\n","protected":false},"excerpt":{"rendered":"<p><em>Precio con IVA incluido<\/em><\/p>\n<p>&nbsp;<\/p>\n","protected":false},"featured_media":14778,"template":"","meta":[],"product_brand":[],"product_cat":[581],"product_tag":[1122,705,1124],"class_list":{"0":"post-14715","1":"product","2":"type-product","3":"status-publish","4":"has-post-thumbnail","6":"product_cat-giotto","7":"product_tag-pinceles","8":"product_tag-pintar","9":"product_tag-redondos","11":"first","12":"instock","13":"shipping-taxable","14":"purchasable","15":"product-type-variable"},"aioseo_notices":[],"_links":{"self":[{"href":"https:\/\/libreriatopogigio.com\/index.php?rest_route=\/wp\/v2\/product\/14715","targetHints":{"allow":["GET"]}}],"collection":[{"href":"https:\/\/libreriatopogigio.com\/index.php?rest_route=\/wp\/v2\/product"}],"about":[{"href":"https:\/\/libreriatopogigio.com\/index.php?rest_route=\/wp\/v2\/types\/product"}],"wp:featuredmedia":[{"embeddable":true,"href":"https:\/\/libreriatopogigio.com\/index.php?rest_route=\/wp\/v2\/media\/14778"}],"wp:attachment":[{"href":"https:\/\/libreriatopogigio.com\/index.php?rest_route=%2Fwp%2Fv2%2Fmedia&parent=14715"}],"wp:term":[{"taxonomy":"product_brand","embeddable":true,"href":"https:\/\/libreriatopogigio.com\/index.php?rest_route=%2Fwp%2Fv2%2Fproduct_brand&post=14715"},{"taxonomy":"product_cat","embeddable":true,"href":"https:\/\/libreriatopogigio.com\/index.php?rest_route=%2Fwp%2Fv2%2Fproduct_cat&post=14715"},{"taxonomy":"product_tag","embeddable":true,"href":"https:\/\/libreriatopogigio.com\/index.php?rest_route=%2Fwp%2Fv2%2Fproduct_tag&post=14715"}],"curies":[{"name":"wp","href":"https:\/\/api.w.org\/{rel}","templated":true}]}}