{"id":14613,"date":"2024-10-24T12:16:55","date_gmt":"2024-10-24T12:16:55","guid":{"rendered":"https:\/\/libreriatopogigio.com\/?post_type=product&#038;p=14613"},"modified":"2025-11-10T13:49:30","modified_gmt":"2025-11-10T13:49:30","slug":"base-acrilica-60-cc-acuarel","status":"publish","type":"product","link":"https:\/\/libreriatopogigio.com\/?product=base-acrilica-60-cc-acuarel","title":{"rendered":"Acr\u00edlico decorativo 60 cc &#8211; ACUAREL"},"content":{"rendered":"<p>Pintura de alta viscosidad y excelente rendimiento.<\/p>\n<p>Gran poder cubritivo, f\u00e1cil aplicaci\u00f3n, secado r\u00e1pido y acabado sedoso.<\/p>\n","protected":false},"excerpt":{"rendered":"<p><em>Precio con IVA incluido<\/em><\/p>\n<p><span style=\"color: #0000ff;\"><strong>Compra m\u00ednima 6 unidades<\/strong><\/span><\/p>\n","protected":false},"featured_media":14614,"template":"","meta":[],"product_brand":[],"product_cat":[1115],"product_tag":[1577,411,1576,705],"class_list":{"0":"post-14613","1":"product","2":"type-product","3":"status-publish","4":"has-post-thumbnail","6":"product_cat-acuarel","7":"product_tag-60-cc","8":"product_tag-acrilico","9":"product_tag-acuarel","10":"product_tag-pintar","12":"first","13":"instock","14":"shipping-taxable","15":"purchasable","16":"product-type-variable"},"aioseo_notices":[],"_links":{"self":[{"href":"https:\/\/libreriatopogigio.com\/index.php?rest_route=\/wp\/v2\/product\/14613","targetHints":{"allow":["GET"]}}],"collection":[{"href":"https:\/\/libreriatopogigio.com\/index.php?rest_route=\/wp\/v2\/product"}],"about":[{"href":"https:\/\/libreriatopogigio.com\/index.php?rest_route=\/wp\/v2\/types\/product"}],"wp:featuredmedia":[{"embeddable":true,"href":"https:\/\/libreriatopogigio.com\/index.php?rest_route=\/wp\/v2\/media\/14614"}],"wp:attachment":[{"href":"https:\/\/libreriatopogigio.com\/index.php?rest_route=%2Fwp%2Fv2%2Fmedia&parent=14613"}],"wp:term":[{"taxonomy":"product_brand","embeddable":true,"href":"https:\/\/libreriatopogigio.com\/index.php?rest_route=%2Fwp%2Fv2%2Fproduct_brand&post=14613"},{"taxonomy":"product_cat","embeddable":true,"href":"https:\/\/libreriatopogigio.com\/index.php?rest_route=%2Fwp%2Fv2%2Fproduct_cat&post=14613"},{"taxonomy":"product_tag","embeddable":true,"href":"https:\/\/libreriatopogigio.com\/index.php?rest_route=%2Fwp%2Fv2%2Fproduct_tag&post=14613"}],"curies":[{"name":"wp","href":"https:\/\/api.w.org\/{rel}","templated":true}]}}