{"id":14178,"date":"2022-04-11T15:39:29","date_gmt":"2022-04-11T15:39:29","guid":{"rendered":"https:\/\/libreriatopogigio.com\/?post_type=product&#038;p=14178"},"modified":"2026-04-27T18:46:06","modified_gmt":"2026-04-27T18:46:06","slug":"crayones-senorita-4","status":"publish","type":"product","link":"https:\/\/libreriatopogigio.com\/?product=crayones-senorita-4","title":{"rendered":"Cray\u00f3n Gordo x6 &#8211; STA"},"content":{"rendered":"<p class=\"font_8 wixui-rich-text__text\"><span class=\"wixui-rich-text__text\">Crayones a base de ceras naturales, no pl\u00e1sticos, con pigmentos at\u00f3xicos. Formulaci\u00f3n homog\u00e9nea de alto poder cubritivo. No manchan. Colores suaves y uniformes. Ideal para la combinaci\u00f3n con otros materiales en el desarrollo de t\u00e9cnicas mixtas.<\/span><\/p>\n<p class=\"font_8 wixui-rich-text__text\"><span class=\"wixui-rich-text__text\"><span class=\"wixGuard wixui-rich-text__text\">\u200b<\/span><\/span><\/p>\n","protected":false},"excerpt":{"rendered":"<p><em>Precio con IVA incluido<\/em><\/p>\n<p>Estuche surtido x6 unidades<\/p>\n","protected":false},"featured_media":14686,"template":"","meta":[],"product_brand":[],"product_cat":[537],"product_tag":[260,259,1096],"class_list":{"0":"post-14178","1":"product","2":"type-product","3":"status-publish","4":"has-post-thumbnail","6":"product_cat-fapyc-sta","7":"product_tag-cera","8":"product_tag-crayones","9":"product_tag-senorita","11":"first","12":"instock","13":"shipping-taxable","14":"purchasable","15":"product-type-simple"},"aioseo_notices":[],"_links":{"self":[{"href":"https:\/\/libreriatopogigio.com\/index.php?rest_route=\/wp\/v2\/product\/14178","targetHints":{"allow":["GET"]}}],"collection":[{"href":"https:\/\/libreriatopogigio.com\/index.php?rest_route=\/wp\/v2\/product"}],"about":[{"href":"https:\/\/libreriatopogigio.com\/index.php?rest_route=\/wp\/v2\/types\/product"}],"wp:featuredmedia":[{"embeddable":true,"href":"https:\/\/libreriatopogigio.com\/index.php?rest_route=\/wp\/v2\/media\/14686"}],"wp:attachment":[{"href":"https:\/\/libreriatopogigio.com\/index.php?rest_route=%2Fwp%2Fv2%2Fmedia&parent=14178"}],"wp:term":[{"taxonomy":"product_brand","embeddable":true,"href":"https:\/\/libreriatopogigio.com\/index.php?rest_route=%2Fwp%2Fv2%2Fproduct_brand&post=14178"},{"taxonomy":"product_cat","embeddable":true,"href":"https:\/\/libreriatopogigio.com\/index.php?rest_route=%2Fwp%2Fv2%2Fproduct_cat&post=14178"},{"taxonomy":"product_tag","embeddable":true,"href":"https:\/\/libreriatopogigio.com\/index.php?rest_route=%2Fwp%2Fv2%2Fproduct_tag&post=14178"}],"curies":[{"name":"wp","href":"https:\/\/api.w.org\/{rel}","templated":true}]}}