{"id":14174,"date":"2022-04-11T15:01:51","date_gmt":"2022-04-11T15:01:51","guid":{"rendered":"https:\/\/libreriatopogigio.com\/?post_type=product&#038;p=14174"},"modified":"2026-04-27T18:45:54","modified_gmt":"2026-04-27T18:45:54","slug":"crayones-senorita-2","status":"publish","type":"product","link":"https:\/\/libreriatopogigio.com\/?product=crayones-senorita-2","title":{"rendered":"Cray\u00f3n Gordo x12 \u2013 STA"},"content":{"rendered":"<p>Crayones a base de ceras naturales, no pl\u00e1sticos, con pigmentos at\u00f3xicos. Formulaci\u00f3n homog\u00e9nea de alto poder cubritivo. No manchan. Colores suaves y uniformes. Ideal para la combinaci\u00f3n con otros materiales en el desarrollo de t\u00e9cnicas mixtas.<\/p>\n","protected":false},"excerpt":{"rendered":"<p><em>Precio con IVA incluido<\/em><\/p>\n<p>Estuche surtido x12 unidades<\/p>\n","protected":false},"featured_media":14684,"template":"","meta":[],"product_brand":[],"product_cat":[537],"product_tag":[259,1096,853],"class_list":{"0":"post-14174","1":"product","2":"type-product","3":"status-publish","4":"has-post-thumbnail","6":"product_cat-fapyc-sta","7":"product_tag-crayones","8":"product_tag-senorita","9":"product_tag-sta","11":"first","12":"instock","13":"shipping-taxable","14":"purchasable","15":"product-type-simple"},"aioseo_notices":[],"_links":{"self":[{"href":"https:\/\/libreriatopogigio.com\/index.php?rest_route=\/wp\/v2\/product\/14174","targetHints":{"allow":["GET"]}}],"collection":[{"href":"https:\/\/libreriatopogigio.com\/index.php?rest_route=\/wp\/v2\/product"}],"about":[{"href":"https:\/\/libreriatopogigio.com\/index.php?rest_route=\/wp\/v2\/types\/product"}],"wp:featuredmedia":[{"embeddable":true,"href":"https:\/\/libreriatopogigio.com\/index.php?rest_route=\/wp\/v2\/media\/14684"}],"wp:attachment":[{"href":"https:\/\/libreriatopogigio.com\/index.php?rest_route=%2Fwp%2Fv2%2Fmedia&parent=14174"}],"wp:term":[{"taxonomy":"product_brand","embeddable":true,"href":"https:\/\/libreriatopogigio.com\/index.php?rest_route=%2Fwp%2Fv2%2Fproduct_brand&post=14174"},{"taxonomy":"product_cat","embeddable":true,"href":"https:\/\/libreriatopogigio.com\/index.php?rest_route=%2Fwp%2Fv2%2Fproduct_cat&post=14174"},{"taxonomy":"product_tag","embeddable":true,"href":"https:\/\/libreriatopogigio.com\/index.php?rest_route=%2Fwp%2Fv2%2Fproduct_tag&post=14174"}],"curies":[{"name":"wp","href":"https:\/\/api.w.org\/{rel}","templated":true}]}}